{"id":917,"date":"2026-03-04T02:53:02","date_gmt":"2026-03-04T02:53:02","guid":{"rendered":"https:\/\/barcelonaguletyacht.com\/privacidad-de-datos\/"},"modified":"2026-04-22T19:18:36","modified_gmt":"2026-04-22T19:18:36","slug":"privacidad-de-datos","status":"publish","type":"page","link":"https:\/\/barcelonaguletyacht.com\/es\/privacidad-de-datos\/","title":{"rendered":"Privacidad de Datos"},"content":{"rendered":"\t\t<div data-elementor-type=\"wp-page\" data-elementor-id=\"917\" class=\"elementor elementor-917 elementor-446\" data-elementor-post-type=\"page\">\n\t\t\t\t<div class=\"elementor-element elementor-element-7e9bc30 e-con-full e-flex e-con e-parent\" data-id=\"7e9bc30\" data-element_type=\"container\" data-e-type=\"container\">\n\t\t\t\t<div class=\"elementor-element elementor-element-c7bac17 elementor-widget elementor-widget-heading\" data-id=\"c7bac17\" data-element_type=\"widget\" data-e-type=\"widget\" data-widget_type=\"heading.default\">\n\t\t\t\t\t<h2 class=\"elementor-heading-title elementor-size-default\">Pol\u00edtica de Privacidad de Datos<\/h2>\t\t\t\t<\/div>\n\t\t<div class=\"elementor-element elementor-element-ab629cd e-con-full e-flex e-con e-child\" data-id=\"ab629cd\" data-element_type=\"container\" data-e-type=\"container\">\n\t\t<div class=\"elementor-element elementor-element-069e690 e-con-full e-flex e-con e-child\" data-id=\"069e690\" data-element_type=\"container\" data-e-type=\"container\" data-settings=\"{&quot;background_background&quot;:&quot;classic&quot;}\">\n\t\t\t\t<div class=\"elementor-element elementor-element-bcc178d elementor-widget elementor-widget-heading\" data-id=\"bcc178d\" data-element_type=\"widget\" data-e-type=\"widget\" data-widget_type=\"heading.default\">\n\t\t\t\t\t<h3 class=\"elementor-heading-title elementor-size-default\">Declaraci\u00f3n de Privacidad de Datos<\/h3>\t\t\t\t<\/div>\n\t\t\t\t<div class=\"elementor-element elementor-element-431768f elementor-widget-divider--view-line elementor-widget elementor-widget-divider\" data-id=\"431768f\" data-element_type=\"widget\" data-e-type=\"widget\" data-widget_type=\"divider.default\">\n\t\t\t\t\t\t\t<div class=\"elementor-divider\">\n\t\t\t<span class=\"elementor-divider-separator\">\n\t\t\t\t\t\t<\/span>\n\t\t<\/div>\n\t\t\t\t\t\t<\/div>\n\t\t\t\t<div class=\"elementor-element elementor-element-e06a914 elementor-widget elementor-widget-text-editor\" data-id=\"e06a914\" data-element_type=\"widget\" data-e-type=\"widget\" data-widget_type=\"text-editor.default\">\n\t\t\t\t\t\t\t\t\t<p data-start=\"370\" data-end=\"385\"><strong data-start=\"370\" data-end=\"385\">1. Descripci\u00f3n General<\/strong><\/p><p data-start=\"387\" data-end=\"505\">Este sitio web es operado por MAZAD Yacht Charter.<br data-start=\"427\" data-end=\"430\">Respetamos su privacidad y nos comprometemos a proteger sus datos personales.<\/p><p data-start=\"512\" data-end=\"541\"><strong data-start=\"512\" data-end=\"541\">2. Informaci\u00f3n que Recopilamos<\/strong><\/p><p data-start=\"543\" data-end=\"595\">Cuando se ponga en contacto con nosotros a trav\u00e9s del sitio web, podemos recopilar:<\/p><ul data-start=\"597\" data-end=\"677\"><li data-section-id=\"1t2yru7\" data-start=\"597\" data-end=\"605\">Nombre<\/li><li data-section-id=\"wk4jiq\" data-start=\"606\" data-end=\"623\">Direcci\u00f3n de correo electr\u00f3nico<\/li><li data-section-id=\"1tzdck7\" data-start=\"624\" data-end=\"640\">N\u00famero de tel\u00e9fono<\/li><li data-section-id=\"y9kng9\" data-start=\"641\" data-end=\"677\">Detalles del evento o contenido del mensaje<\/li><\/ul><p data-start=\"679\" data-end=\"738\">Esta informaci\u00f3n se utiliza \u00fanicamente para responder a su consulta.<\/p><p data-start=\"745\" data-end=\"759\"><strong data-start=\"745\" data-end=\"759\">3. Alojamiento<\/strong><\/p><p data-start=\"761\" data-end=\"899\">Este sitio web est\u00e1 alojado en Rocket.net.<br data-start=\"798\" data-end=\"801\">Pueden procesar datos t\u00e9cnicos (como direcciones IP) para garantizar el rendimiento y la seguridad del sitio web.<\/p><p data-start=\"906\" data-end=\"933\"><strong data-start=\"906\" data-end=\"933\">4. An\u00e1lisis y Seguimiento<\/strong><\/p><p data-start=\"935\" data-end=\"999\">Utilizamos las siguientes herramientas para mejorar nuestro sitio web y marketing:<\/p><ul data-start=\"1001\" data-end=\"1127\"><li data-section-id=\"96mbsw\" data-start=\"1001\" data-end=\"1023\">Google Tag Manager<\/li><li data-section-id=\"1li1d1z\" data-start=\"1024\" data-end=\"1044\">Google Analytics<\/li><li data-section-id=\"j4r5b4\" data-start=\"1045\" data-end=\"1079\">Seguimiento de Conversiones de Google Ads<\/li><li data-section-id=\"88rqic\" data-start=\"1080\" data-end=\"1105\">P\u00edxel de Meta (Facebook)<\/li><li data-section-id=\"1vudfo\" data-start=\"1106\" data-end=\"1127\">Microsoft Clarity<\/li><\/ul><p data-start=\"1129\" data-end=\"1177\">Estas herramientas pueden recopilar datos anonimizados como:<\/p><ul data-start=\"1179\" data-end=\"1239\"><li data-section-id=\"chzgs6\" data-start=\"1179\" data-end=\"1196\">Uso del sitio web<\/li><li data-section-id=\"2bzgew\" data-start=\"1197\" data-end=\"1214\">P\u00e1ginas visitadas<\/li><li data-section-id=\"8zya1q\" data-start=\"1215\" data-end=\"1239\">Comportamiento de interacci\u00f3n<\/li><\/ul><p data-start=\"1241\" data-end=\"1316\">Esto nos ayuda a comprender c\u00f3mo los visitantes utilizan el sitio y a mejorar el rendimiento.<\/p><p data-start=\"1323\" data-end=\"1337\"><strong data-start=\"1323\" data-end=\"1337\">5. Cookies<\/strong><\/p><p data-start=\"1339\" data-end=\"1390\">Este sitio web utiliza cookies y tecnolog\u00edas similares.<\/p><p data-start=\"1392\" data-end=\"1496\">Al utilizar este sitio web, usted acepta el uso de cookies a menos que las desactive en la configuraci\u00f3n de su navegador.<\/p><p data-start=\"1503\" data-end=\"1522\"><strong data-start=\"1503\" data-end=\"1522\">6. Compartici\u00f3n de Datos<\/strong><\/p><p data-start=\"1524\" data-end=\"1566\">No vendemos ni alquilamos sus datos personales.<\/p><p data-start=\"1568\" data-end=\"1704\">Los datos pueden ser procesados por servicios de terceros (p. ej., proveedores de alojamiento y an\u00e1lisis) estrictamente para la funcionalidad y el rendimiento del sitio web.<\/p><p data-start=\"1711\" data-end=\"1729\"><strong data-start=\"1711\" data-end=\"1729\">7. Sus Derechos<\/strong><\/p><p data-start=\"1731\" data-end=\"1747\">Puede solicitar:<\/p><ul data-start=\"1749\" data-end=\"1834\"><li data-section-id=\"z5e83y\" data-start=\"1749\" data-end=\"1781\">Acceso a sus datos personales<\/li><li data-section-id=\"1uncoif\" data-start=\"1782\" data-end=\"1808\">Correcci\u00f3n o eliminaci\u00f3n<\/li><li data-section-id=\"l32wqo\" data-start=\"1809\" data-end=\"1834\">Retirada del consentimiento<\/li><\/ul><p data-start=\"1836\" data-end=\"1866\">Para ello, p\u00f3ngase en contacto con nosotros directamente.<\/p><p data-start=\"1873\" data-end=\"1887\"><strong data-start=\"1873\" data-end=\"1887\">8. Contacto<\/strong><\/p><p data-start=\"1889\" data-end=\"1965\">MAZAD Yacht Charter<br data-start=\"1900\" data-end=\"1903\">Correo electr\u00f3nico: <a href=\"mailto:info@barcelonaguletyacht.com\">info@barcelonaguletyacht.com<\/a><\/p>\t\t\t\t\t\t\t\t<\/div>\n\t\t\t\t<\/div>\n\t\t\t\t<\/div>\n\t\t\t\t<\/div>\n\t\t\t\t<\/div>\n\t\t","protected":false},"excerpt":{"rendered":"<p>Pol\u00edtica de Privacidad de Datos Declaraci\u00f3n de Privacidad de Datos 1. Descripci\u00f3n General Este sitio web es operado por MAZAD Yacht Charter.Respetamos su privacidad y nos comprometemos a proteger sus datos personales. 2. Informaci\u00f3n que Recopilamos Cuando se ponga en contacto con nosotros a trav\u00e9s del sitio web, podemos recopilar: Nombre Direcci\u00f3n de correo electr\u00f3nico [&hellip;]<\/p>\n","protected":false},"author":1,"featured_media":0,"parent":0,"menu_order":0,"comment_status":"closed","ping_status":"closed","template":"elementor_header_footer","meta":{"inline_featured_image":false,"footnotes":""},"class_list":["post-917","page","type-page","status-publish","hentry"],"_links":{"self":[{"href":"https:\/\/barcelonaguletyacht.com\/es\/wp-json\/wp\/v2\/pages\/917","targetHints":{"allow":["GET"]}}],"collection":[{"href":"https:\/\/barcelonaguletyacht.com\/es\/wp-json\/wp\/v2\/pages"}],"about":[{"href":"https:\/\/barcelonaguletyacht.com\/es\/wp-json\/wp\/v2\/types\/page"}],"author":[{"embeddable":true,"href":"https:\/\/barcelonaguletyacht.com\/es\/wp-json\/wp\/v2\/users\/1"}],"replies":[{"embeddable":true,"href":"https:\/\/barcelonaguletyacht.com\/es\/wp-json\/wp\/v2\/comments?post=917"}],"version-history":[{"count":1,"href":"https:\/\/barcelonaguletyacht.com\/es\/wp-json\/wp\/v2\/pages\/917\/revisions"}],"predecessor-version":[{"id":918,"href":"https:\/\/barcelonaguletyacht.com\/es\/wp-json\/wp\/v2\/pages\/917\/revisions\/918"}],"wp:attachment":[{"href":"https:\/\/barcelonaguletyacht.com\/es\/wp-json\/wp\/v2\/media?parent=917"}],"curies":[{"name":"wp","href":"https:\/\/api.w.org\/{rel}","templated":true}]}}